{"id":25,"date":"2018-04-02T08:05:43","date_gmt":"2018-04-02T08:05:43","guid":{"rendered":"https:\/\/curly.qodeinteractive.com\/elementor\/?page_id=25"},"modified":"2024-08-17T06:50:41","modified_gmt":"2024-08-17T06:50:41","slug":"chi-siamo","status":"publish","type":"page","link":"https:\/\/lagiustaimmagine.it\/index.php\/chi-siamo\/","title":{"rendered":"Chi Siamo"},"content":{"rendered":"\t\t<div data-elementor-type=\"wp-page\" data-elementor-id=\"25\" class=\"elementor elementor-25\">\n\t\t\t\t\t\t<section class=\"elementor-section elementor-top-section elementor-element elementor-element-62dfe602 elementor-section-boxed elementor-section-height-default elementor-section-height-default mkdf-parallax-row-no mkdf-content-aligment-left mkdf-elementor-row-grid-no mkdf-disabled-bg-image-bellow-no\" data-id=\"62dfe602\" data-element_type=\"section\">\n\t\t\t\t\t\t<div class=\"elementor-container elementor-column-gap-default\">\n\t\t\t\t\t<div class=\"elementor-column elementor-col-100 elementor-top-column elementor-element elementor-element-5ff2013\" data-id=\"5ff2013\" data-element_type=\"column\">\n\t\t\t<div class=\"elementor-widget-wrap\">\n\t\t\t\t\t\t\t<\/div>\n\t\t<\/div>\n\t\t\t\t\t<\/div>\n\t\t<\/section>\n\t\t\t\t<section class=\"elementor-section elementor-top-section elementor-element elementor-element-cd7ae7d mkdf-elementor-row-grid-section elementor-section-boxed elementor-section-height-default elementor-section-height-default mkdf-parallax-row-no mkdf-content-aligment-left mkdf-disabled-bg-image-bellow-no\" data-id=\"cd7ae7d\" data-element_type=\"section\" data-settings=\"{&quot;background_background&quot;:&quot;classic&quot;}\">\n\t\t\t\t\t\t<div class=\"elementor-container elementor-column-gap-default\">\n\t\t\t\t\t<div class=\"elementor-column elementor-col-50 elementor-top-column elementor-element elementor-element-0a6495a\" data-id=\"0a6495a\" data-element_type=\"column\">\n\t\t\t<div class=\"elementor-widget-wrap elementor-element-populated\">\n\t\t\t\t\t\t<div class=\"elementor-element elementor-element-f212a06 elementor-widget elementor-widget-mkdf_section_title\" data-id=\"f212a06\" data-element_type=\"widget\" data-widget_type=\"mkdf_section_title.default\">\n\t\t\t\t<div class=\"elementor-widget-container\">\n\t\t\t<div class=\"mkdf-section-title-holder  mkdf-dark mkdf-st-standard   \" style=\"text-align: right\">\n    <div class=\"mkdf-st-inner\">\n\n                    <var class=\"mkdf-st-background-text\" style=\"font-size:225px;left: -22px;top: -40px\" id=\"mkdf-st-background-text-925\" data-font-size=\"180px\" data-horizontal-offset=\"38px\" data-vertical-offset=\"-37px\">\n            Storia            <\/var>\n        \n                    <h2 class=\"mkdf-st-title\">\n            Su di noi            <\/h2>\n        \n        \n    <\/div>\n<\/div>\t\t<\/div>\n\t\t\t\t<\/div>\n\t\t\t\t\t<\/div>\n\t\t<\/div>\n\t\t\t\t<div class=\"elementor-column elementor-col-50 elementor-top-column elementor-element elementor-element-3046339\" data-id=\"3046339\" data-element_type=\"column\">\n\t\t\t<div class=\"elementor-widget-wrap elementor-element-populated\">\n\t\t\t\t\t\t<div class=\"elementor-element elementor-element-e42a951 elementor-widget elementor-widget-text-editor\" data-id=\"e42a951\" data-element_type=\"widget\" data-widget_type=\"text-editor.default\">\n\t\t\t\t<div class=\"elementor-widget-container\">\n\t\t\t<style>\/*! elementor - v3.23.0 - 25-07-2024 *\/\n.elementor-widget-text-editor.elementor-drop-cap-view-stacked .elementor-drop-cap{background-color:#69727d;color:#fff}.elementor-widget-text-editor.elementor-drop-cap-view-framed .elementor-drop-cap{color:#69727d;border:3px solid;background-color:transparent}.elementor-widget-text-editor:not(.elementor-drop-cap-view-default) .elementor-drop-cap{margin-top:8px}.elementor-widget-text-editor:not(.elementor-drop-cap-view-default) .elementor-drop-cap-letter{width:1em;height:1em}.elementor-widget-text-editor .elementor-drop-cap{float:left;text-align:center;line-height:1;font-size:50px}.elementor-widget-text-editor .elementor-drop-cap-letter{display:inline-block}<\/style>\t\t\t\t<h4>Parrucchiere pavia<\/h4>\t\t\t\t\t\t<\/div>\n\t\t\t\t<\/div>\n\t\t\t\t<div class=\"elementor-element elementor-element-16e556d elementor-widget elementor-widget-text-editor\" data-id=\"16e556d\" data-element_type=\"widget\" data-widget_type=\"text-editor.default\">\n\t\t\t\t<div class=\"elementor-widget-container\">\n\t\t\t\t\t\t\t<p>Esperienza, professionalit\u00e0, qualit\u00e0, dedizione al cliente, attenzione ai dettagli, tecnica e trasparenza, sono solo alcune delle caratteristiche fondamentali per la nostra azienda.<\/p><p><br \/>Nel settore dei parrucchieri, acconciatori ed estetisti \u00e8 necessaria una maniacale cura del dettaglio, ampia conoscenza dei prodotti idonei da applicare e dei trattamenti da eseguire pre e post lavorazione.<br \/>Tramandata da padre in figlio, La giusta immagine vanta pi\u00f9 di 40 anni di attivit\u00e0 nelle zone tra Pavia e provincia, rappresentando sempre al meglio le proprie qualit\u00e0 nel settore della cura della persona.<\/p><p>\u00a0<\/p><p>Il nostro negozio \u00e8 sito in via Lorenzo Fasolo 96, (27100,PV), da anni esercitiamo il lavoro di\u00a0 &#8220;parrucchieri&#8221; in un locale accogliente, climatizzato e confortevole. Famosi per la nostra socialit\u00e0, vantiamo un gran numero di clienti che si sono convertiti in veri propri amici.\u00a0I tuoi capelli necessitano di un taglio alla moda i Parrucchieri di La giusta immagine hanno una grande esperienza negli eventi della moda e\u00a0 dello spettacolo. Inoltre i nostri professionisti partecipano continuamente a corsi d&#8217;aggiornamento professionali &#8211; il tutto per darti un servizio impeccabile.<\/p><p>\u00a0<\/p><p>Dall&#8217;acconciatura dipende gran parte del nostro aspetto, avere un parrucchiere esperto \u00e8 importante per poter essere seguiti nel tempo e valorizzare la propria personalit\u00e0. Noi di La giusta immagine a Pavia lavoriamo professionalmente in accordo con la tua personalit\u00e0 e ultime tendenze della moda.<br \/>Nel nostro salone, vengono utilizzati solo prodotti per parrucchieriprofessionali nel rispetto della natura.<\/p><p>\u00a0<\/p><p>Rivolgiti al nostro salone parrucchiere a Pavia. Vieni a trovarci o telefona per fissare un appuntamento adesso, clicca qui.<\/p>\t\t\t\t\t\t<\/div>\n\t\t\t\t<\/div>\n\t\t\t\t<div class=\"elementor-element elementor-element-ca9bd8c elementor-widget elementor-widget-image\" data-id=\"ca9bd8c\" data-element_type=\"widget\" data-widget_type=\"image.default\">\n\t\t\t\t<div class=\"elementor-widget-container\">\n\t\t\t<style>\/*! elementor - v3.23.0 - 25-07-2024 *\/\n.elementor-widget-image{text-align:center}.elementor-widget-image a{display:inline-block}.elementor-widget-image a img[src$=\".svg\"]{width:48px}.elementor-widget-image img{vertical-align:middle;display:inline-block}<\/style>\t\t\t\t\t\t\t\t\t\t\t<a href=\"https:\/\/www.facebook.com\/LaGiustaImmagine\">\n\t\t\t\t\t\t\t<img fetchpriority=\"high\" decoding=\"async\" width=\"1013\" height=\"1024\" src=\"https:\/\/lagiustaimmagine.it\/wp-content\/uploads\/2024\/08\/FB-la-giusta-immagine-1013x1024.jpg\" class=\"attachment-large size-large wp-image-6337\" alt=\"\" srcset=\"https:\/\/lagiustaimmagine.it\/wp-content\/uploads\/2024\/08\/FB-la-giusta-immagine-1013x1024.jpg 1013w, https:\/\/lagiustaimmagine.it\/wp-content\/uploads\/2024\/08\/FB-la-giusta-immagine-297x300.jpg 297w, https:\/\/lagiustaimmagine.it\/wp-content\/uploads\/2024\/08\/FB-la-giusta-immagine-768x776.jpg 768w, https:\/\/lagiustaimmagine.it\/wp-content\/uploads\/2024\/08\/FB-la-giusta-immagine.jpg 1237w\" sizes=\"(max-width: 1013px) 100vw, 1013px\" \/>\t\t\t\t\t\t\t\t<\/a>\n\t\t\t\t\t\t\t\t\t\t\t\t\t<\/div>\n\t\t\t\t<\/div>\n\t\t\t\t<div class=\"elementor-element elementor-element-ca5af9c elementor-widget elementor-widget-image\" data-id=\"ca5af9c\" data-element_type=\"widget\" data-widget_type=\"image.default\">\n\t\t\t\t<div class=\"elementor-widget-container\">\n\t\t\t\t\t\t\t\t\t\t\t\t\t\t<a href=\"https:\/\/www.instagram.com\/la_giusta_immagine_pavia\/\">\n\t\t\t\t\t\t\t<img decoding=\"async\" width=\"1013\" height=\"1024\" src=\"https:\/\/lagiustaimmagine.it\/wp-content\/uploads\/2024\/08\/IG-la-giusta-immagine-1013x1024.jpg\" class=\"attachment-large size-large wp-image-6338\" alt=\"\" srcset=\"https:\/\/lagiustaimmagine.it\/wp-content\/uploads\/2024\/08\/IG-la-giusta-immagine-1013x1024.jpg 1013w, https:\/\/lagiustaimmagine.it\/wp-content\/uploads\/2024\/08\/IG-la-giusta-immagine-297x300.jpg 297w, https:\/\/lagiustaimmagine.it\/wp-content\/uploads\/2024\/08\/IG-la-giusta-immagine-768x776.jpg 768w, https:\/\/lagiustaimmagine.it\/wp-content\/uploads\/2024\/08\/IG-la-giusta-immagine.jpg 1237w\" sizes=\"(max-width: 1013px) 100vw, 1013px\" \/>\t\t\t\t\t\t\t\t<\/a>\n\t\t\t\t\t\t\t\t\t\t\t\t\t<\/div>\n\t\t\t\t<\/div>\n\t\t\t\t\t<\/div>\n\t\t<\/div>\n\t\t\t\t\t<\/div>\n\t\t<\/section>\n\t\t\t\t<section class=\"mkdf-parallax-row-holder elementor-section elementor-top-section elementor-element elementor-element-1fb5457 mkdf-parallax-row-holder elementor-section-boxed elementor-section-height-default elementor-section-height-default mkdf-content-aligment-left mkdf-elementor-row-grid-no mkdf-disabled-bg-image-bellow-no\" data-parallax-bg-speed=\"1\" data-parallax-bg-image=\"https:\/\/curly.qodeinteractive.com\/elementor\/wp-content\/uploads\/2018\/04\/p-parallax-img-1.jpg\" data-parallax-bg-height=\"0\" data-id=\"1fb5457\" data-element_type=\"section\" data-settings=\"{&quot;mikado_parallax_image&quot;:{&quot;url&quot;:&quot;https:\\\/\\\/curly.qodeinteractive.com\\\/elementor\\\/wp-content\\\/uploads\\\/2018\\\/04\\\/p-parallax-img-1.jpg&quot;,&quot;id&quot;:838,&quot;size&quot;:&quot;&quot;}}\">\n\t\t\t\t\t\t<div class=\"elementor-container elementor-column-gap-default\">\n\t\t\t\t\t<div class=\"elementor-column elementor-col-100 elementor-top-column elementor-element elementor-element-d4984eb\" data-id=\"d4984eb\" data-element_type=\"column\">\n\t\t\t<div class=\"elementor-widget-wrap elementor-element-populated\">\n\t\t\t\t\t\t<div class=\"elementor-element elementor-element-1dcfab5 elementor-widget elementor-widget-text-editor\" data-id=\"1dcfab5\" data-element_type=\"widget\" data-widget_type=\"text-editor.default\">\n\t\t\t\t<div class=\"elementor-widget-container\">\n\t\t\t\t\t\t\t<p>PAVIA DAL 1969<\/p>\t\t\t\t\t\t<\/div>\n\t\t\t\t<\/div>\n\t\t\t\t<div class=\"elementor-element elementor-element-501ca7c elementor-widget elementor-widget-image\" data-id=\"501ca7c\" data-element_type=\"widget\" data-widget_type=\"image.default\">\n\t\t\t\t<div class=\"elementor-widget-container\">\n\t\t\t\t\t\t\t\t\t\t\t\t\t<img decoding=\"async\" width=\"1024\" height=\"512\" src=\"https:\/\/lagiustaimmagine.it\/wp-content\/uploads\/2024\/08\/1- LA GIUSTA IMMAGINE logo png I grande-1024x512.png\" class=\"attachment-large size-large wp-image-6170\" alt=\"\" srcset=\"https:\/\/lagiustaimmagine.it\/wp-content\/uploads\/2024\/08\/1-%20LA%20GIUSTA%20IMMAGINE%20logo%20png%20I%20grande-1024x512.png 1024w, https:\/\/lagiustaimmagine.it\/wp-content\/uploads\/2024\/08\/1-%20LA%20GIUSTA%20IMMAGINE%20logo%20png%20I%20grande-300x150.png 300w, https:\/\/lagiustaimmagine.it\/wp-content\/uploads\/2024\/08\/1-%20LA%20GIUSTA%20IMMAGINE%20logo%20png%20I%20grande-768x384.png 768w, https:\/\/lagiustaimmagine.it\/wp-content\/uploads\/2024\/08\/1-%20LA%20GIUSTA%20IMMAGINE%20logo%20png%20I%20grande-1536x768.png 1536w, https:\/\/lagiustaimmagine.it\/wp-content\/uploads\/2024\/08\/1-%20LA%20GIUSTA%20IMMAGINE%20logo%20png%20I%20grande-1100x550.png 1100w, https:\/\/lagiustaimmagine.it\/wp-content\/uploads\/2024\/08\/1-%20LA%20GIUSTA%20IMMAGINE%20logo%20png%20I%20grande-1300x650.png 1300w\" sizes=\"(max-width: 1024px) 100vw, 1024px\" \/>\t\t\t\t\t\t\t\t\t\t\t\t\t<\/div>\n\t\t\t\t<\/div>\n\t\t\t\t<div class=\"elementor-element elementor-element-2258992 elementor-widget elementor-widget-text-editor\" data-id=\"2258992\" data-element_type=\"widget\" data-widget_type=\"text-editor.default\">\n\t\t\t\t<div class=\"elementor-widget-container\">\n\t\t\t\t\t\t\t<p>Vieni a trovarci ci troviamo a Pavia in Via<\/p><p>Lorenzo Fasolo, 96.\u00a0Ti aspettiamo!!!<\/p>\t\t\t\t\t\t<\/div>\n\t\t\t\t<\/div>\n\t\t\t\t<div class=\"elementor-element elementor-element-cd6d973 elementor-widget elementor-widget-text-editor\" data-id=\"cd6d973\" data-element_type=\"widget\" data-widget_type=\"text-editor.default\">\n\t\t\t\t<div class=\"elementor-widget-container\">\n\t\t\t\t\t\t\t<p><span style=\"text-decoration: underline;\"><strong><a href=\"https:\/\/lagiustaimmagine.it\/index.php\/contatti\"><span style=\"color: #c69e60;\"> CONTATTACI<\/span><\/a><\/strong><\/span><\/p>\t\t\t\t\t\t<\/div>\n\t\t\t\t<\/div>\n\t\t\t\t\t<\/div>\n\t\t<\/div>\n\t\t\t\t\t<\/div>\n\t\t<\/section>\n\t\t\t\t<\/div>\n\t\t","protected":false},"excerpt":{"rendered":"<p>Storia Su di noi Parrucchiere pavia Esperienza, professionalit\u00e0, qualit\u00e0, dedizione al cliente, attenzione ai dettagli, tecnica e trasparenza, sono solo alcune delle caratteristiche fondamentali per la nostra azienda. Nel settore dei parrucchieri, acconciatori ed estetisti \u00e8 necessaria una maniacale cura [&hellip;]<\/p>\n","protected":false},"author":1,"featured_media":0,"parent":0,"menu_order":0,"comment_status":"closed","ping_status":"closed","template":"full-width.php","meta":{"footnotes":""},"class_list":["post-25","page","type-page","status-publish","hentry"],"yoast_head":"<!-- This site is optimized with the Yoast SEO plugin v23.1 - https:\/\/yoast.com\/wordpress\/plugins\/seo\/ -->\n<title>Chi Siamo - La Giusta Immagine<\/title>\n<meta name=\"description\" content=\"La Giusta Immagine - Pavia - Centro specializzato - Parrucchiere, Barbiere - La Tua Bellezza la nostra passione\" \/>\n<meta name=\"robots\" content=\"index, follow, max-snippet:-1, max-image-preview:large, max-video-preview:-1\" \/>\n<link rel=\"canonical\" href=\"https:\/\/lagiustaimmagine.it\/index.php\/chi-siamo\/\" \/>\n<meta property=\"og:locale\" content=\"it_IT\" \/>\n<meta property=\"og:type\" content=\"article\" \/>\n<meta property=\"og:title\" content=\"La Giusta Immagine - Pavia\" \/>\n<meta property=\"og:description\" content=\"La Giusta Immagine - Pavia - Centro specializzato - Parrucchieria, Barbiere - La Tua Bellezza la nostra passione\" \/>\n<meta property=\"og:url\" content=\"https:\/\/lagiustaimmagine.it\/index.php\/chi-siamo\/\" \/>\n<meta property=\"og:site_name\" content=\"La Giusta Immagine\" \/>\n<meta property=\"article:publisher\" content=\"https:\/\/www.facebook.com\/LaGiustaImmagine\" \/>\n<meta property=\"article:modified_time\" content=\"2024-08-17T06:50:41+00:00\" \/>\n<meta property=\"og:image\" content=\"https:\/\/lagiustaimmagine.it\/wp-content\/uploads\/2024\/08\/Logo-Footer-La-Giusta-Immagine.png\" \/>\n\t<meta property=\"og:image:width\" content=\"180\" \/>\n\t<meta property=\"og:image:height\" content=\"80\" \/>\n\t<meta property=\"og:image:type\" content=\"image\/png\" \/>\n<meta name=\"twitter:card\" content=\"summary_large_image\" \/>\n<meta name=\"twitter:label1\" content=\"Tempo di lettura stimato\" \/>\n\t<meta name=\"twitter:data1\" content=\"3 minuti\" \/>\n<script type=\"application\/ld+json\" class=\"yoast-schema-graph\">{\"@context\":\"https:\/\/schema.org\",\"@graph\":[{\"@type\":\"WebPage\",\"@id\":\"https:\/\/lagiustaimmagine.it\/index.php\/chi-siamo\/\",\"url\":\"https:\/\/lagiustaimmagine.it\/index.php\/chi-siamo\/\",\"name\":\"Chi Siamo - La Giusta Immagine\",\"isPartOf\":{\"@id\":\"https:\/\/lagiustaimmagine.it\/#website\"},\"primaryImageOfPage\":{\"@id\":\"https:\/\/lagiustaimmagine.it\/index.php\/chi-siamo\/#primaryimage\"},\"image\":{\"@id\":\"https:\/\/lagiustaimmagine.it\/index.php\/chi-siamo\/#primaryimage\"},\"thumbnailUrl\":\"https:\/\/lagiustaimmagine.it\/wp-content\/uploads\/2024\/08\/FB-la-giusta-immagine-1013x1024.jpg\",\"datePublished\":\"2018-04-02T08:05:43+00:00\",\"dateModified\":\"2024-08-17T06:50:41+00:00\",\"description\":\"La Giusta Immagine - Pavia - Centro specializzato - Parrucchiere, Barbiere - La Tua Bellezza la nostra passione\",\"breadcrumb\":{\"@id\":\"https:\/\/lagiustaimmagine.it\/index.php\/chi-siamo\/#breadcrumb\"},\"inLanguage\":\"it-IT\",\"potentialAction\":[{\"@type\":\"ReadAction\",\"target\":[\"https:\/\/lagiustaimmagine.it\/index.php\/chi-siamo\/\"]}]},{\"@type\":\"ImageObject\",\"inLanguage\":\"it-IT\",\"@id\":\"https:\/\/lagiustaimmagine.it\/index.php\/chi-siamo\/#primaryimage\",\"url\":\"https:\/\/lagiustaimmagine.it\/wp-content\/uploads\/2024\/08\/FB-la-giusta-immagine.jpg\",\"contentUrl\":\"https:\/\/lagiustaimmagine.it\/wp-content\/uploads\/2024\/08\/FB-la-giusta-immagine.jpg\",\"width\":1237,\"height\":1250},{\"@type\":\"BreadcrumbList\",\"@id\":\"https:\/\/lagiustaimmagine.it\/index.php\/chi-siamo\/#breadcrumb\",\"itemListElement\":[{\"@type\":\"ListItem\",\"position\":1,\"name\":\"Home\",\"item\":\"https:\/\/lagiustaimmagine.it\/\"},{\"@type\":\"ListItem\",\"position\":2,\"name\":\"Chi Siamo\"}]},{\"@type\":\"WebSite\",\"@id\":\"https:\/\/lagiustaimmagine.it\/#website\",\"url\":\"https:\/\/lagiustaimmagine.it\/\",\"name\":\"La Giusta Immagine\",\"description\":\"\",\"publisher\":{\"@id\":\"https:\/\/lagiustaimmagine.it\/#organization\"},\"potentialAction\":[{\"@type\":\"SearchAction\",\"target\":{\"@type\":\"EntryPoint\",\"urlTemplate\":\"https:\/\/lagiustaimmagine.it\/?s={search_term_string}\"},\"query-input\":\"required name=search_term_string\"}],\"inLanguage\":\"it-IT\"},{\"@type\":\"Organization\",\"@id\":\"https:\/\/lagiustaimmagine.it\/#organization\",\"name\":\"La Giusta Immagine\",\"url\":\"https:\/\/lagiustaimmagine.it\/\",\"logo\":{\"@type\":\"ImageObject\",\"inLanguage\":\"it-IT\",\"@id\":\"https:\/\/lagiustaimmagine.it\/#\/schema\/logo\/image\/\",\"url\":\"https:\/\/lagiustaimmagine.it\/wp-content\/uploads\/2024\/08\/Logo-Footer-La-Giusta-Immagine.png\",\"contentUrl\":\"https:\/\/lagiustaimmagine.it\/wp-content\/uploads\/2024\/08\/Logo-Footer-La-Giusta-Immagine.png\",\"width\":180,\"height\":80,\"caption\":\"La Giusta Immagine\"},\"image\":{\"@id\":\"https:\/\/lagiustaimmagine.it\/#\/schema\/logo\/image\/\"},\"sameAs\":[\"https:\/\/www.facebook.com\/LaGiustaImmagine\",\"https:\/\/www.instagram.com\/la_giusta_immagine_pavia\/\"]}]}<\/script>\n<!-- \/ Yoast SEO plugin. -->","yoast_head_json":{"title":"Chi Siamo - La Giusta Immagine","description":"La Giusta Immagine - Pavia - Centro specializzato - Parrucchiere, Barbiere - La Tua Bellezza la nostra passione","robots":{"index":"index","follow":"follow","max-snippet":"max-snippet:-1","max-image-preview":"max-image-preview:large","max-video-preview":"max-video-preview:-1"},"canonical":"https:\/\/lagiustaimmagine.it\/index.php\/chi-siamo\/","og_locale":"it_IT","og_type":"article","og_title":"La Giusta Immagine - Pavia","og_description":"La Giusta Immagine - Pavia - Centro specializzato - Parrucchieria, Barbiere - La Tua Bellezza la nostra passione","og_url":"https:\/\/lagiustaimmagine.it\/index.php\/chi-siamo\/","og_site_name":"La Giusta Immagine","article_publisher":"https:\/\/www.facebook.com\/LaGiustaImmagine","article_modified_time":"2024-08-17T06:50:41+00:00","og_image":[{"width":180,"height":80,"url":"https:\/\/lagiustaimmagine.it\/wp-content\/uploads\/2024\/08\/Logo-Footer-La-Giusta-Immagine.png","type":"image\/png"}],"twitter_card":"summary_large_image","twitter_misc":{"Tempo di lettura stimato":"3 minuti"},"schema":{"@context":"https:\/\/schema.org","@graph":[{"@type":"WebPage","@id":"https:\/\/lagiustaimmagine.it\/index.php\/chi-siamo\/","url":"https:\/\/lagiustaimmagine.it\/index.php\/chi-siamo\/","name":"Chi Siamo - La Giusta Immagine","isPartOf":{"@id":"https:\/\/lagiustaimmagine.it\/#website"},"primaryImageOfPage":{"@id":"https:\/\/lagiustaimmagine.it\/index.php\/chi-siamo\/#primaryimage"},"image":{"@id":"https:\/\/lagiustaimmagine.it\/index.php\/chi-siamo\/#primaryimage"},"thumbnailUrl":"https:\/\/lagiustaimmagine.it\/wp-content\/uploads\/2024\/08\/FB-la-giusta-immagine-1013x1024.jpg","datePublished":"2018-04-02T08:05:43+00:00","dateModified":"2024-08-17T06:50:41+00:00","description":"La Giusta Immagine - Pavia - Centro specializzato - Parrucchiere, Barbiere - La Tua Bellezza la nostra passione","breadcrumb":{"@id":"https:\/\/lagiustaimmagine.it\/index.php\/chi-siamo\/#breadcrumb"},"inLanguage":"it-IT","potentialAction":[{"@type":"ReadAction","target":["https:\/\/lagiustaimmagine.it\/index.php\/chi-siamo\/"]}]},{"@type":"ImageObject","inLanguage":"it-IT","@id":"https:\/\/lagiustaimmagine.it\/index.php\/chi-siamo\/#primaryimage","url":"https:\/\/lagiustaimmagine.it\/wp-content\/uploads\/2024\/08\/FB-la-giusta-immagine.jpg","contentUrl":"https:\/\/lagiustaimmagine.it\/wp-content\/uploads\/2024\/08\/FB-la-giusta-immagine.jpg","width":1237,"height":1250},{"@type":"BreadcrumbList","@id":"https:\/\/lagiustaimmagine.it\/index.php\/chi-siamo\/#breadcrumb","itemListElement":[{"@type":"ListItem","position":1,"name":"Home","item":"https:\/\/lagiustaimmagine.it\/"},{"@type":"ListItem","position":2,"name":"Chi Siamo"}]},{"@type":"WebSite","@id":"https:\/\/lagiustaimmagine.it\/#website","url":"https:\/\/lagiustaimmagine.it\/","name":"La Giusta Immagine","description":"","publisher":{"@id":"https:\/\/lagiustaimmagine.it\/#organization"},"potentialAction":[{"@type":"SearchAction","target":{"@type":"EntryPoint","urlTemplate":"https:\/\/lagiustaimmagine.it\/?s={search_term_string}"},"query-input":"required name=search_term_string"}],"inLanguage":"it-IT"},{"@type":"Organization","@id":"https:\/\/lagiustaimmagine.it\/#organization","name":"La Giusta Immagine","url":"https:\/\/lagiustaimmagine.it\/","logo":{"@type":"ImageObject","inLanguage":"it-IT","@id":"https:\/\/lagiustaimmagine.it\/#\/schema\/logo\/image\/","url":"https:\/\/lagiustaimmagine.it\/wp-content\/uploads\/2024\/08\/Logo-Footer-La-Giusta-Immagine.png","contentUrl":"https:\/\/lagiustaimmagine.it\/wp-content\/uploads\/2024\/08\/Logo-Footer-La-Giusta-Immagine.png","width":180,"height":80,"caption":"La Giusta Immagine"},"image":{"@id":"https:\/\/lagiustaimmagine.it\/#\/schema\/logo\/image\/"},"sameAs":["https:\/\/www.facebook.com\/LaGiustaImmagine","https:\/\/www.instagram.com\/la_giusta_immagine_pavia\/"]}]}},"_links":{"self":[{"href":"https:\/\/lagiustaimmagine.it\/index.php\/wp-json\/wp\/v2\/pages\/25","targetHints":{"allow":["GET"]}}],"collection":[{"href":"https:\/\/lagiustaimmagine.it\/index.php\/wp-json\/wp\/v2\/pages"}],"about":[{"href":"https:\/\/lagiustaimmagine.it\/index.php\/wp-json\/wp\/v2\/types\/page"}],"author":[{"embeddable":true,"href":"https:\/\/lagiustaimmagine.it\/index.php\/wp-json\/wp\/v2\/users\/1"}],"replies":[{"embeddable":true,"href":"https:\/\/lagiustaimmagine.it\/index.php\/wp-json\/wp\/v2\/comments?post=25"}],"version-history":[{"count":40,"href":"https:\/\/lagiustaimmagine.it\/index.php\/wp-json\/wp\/v2\/pages\/25\/revisions"}],"predecessor-version":[{"id":6708,"href":"https:\/\/lagiustaimmagine.it\/index.php\/wp-json\/wp\/v2\/pages\/25\/revisions\/6708"}],"wp:attachment":[{"href":"https:\/\/lagiustaimmagine.it\/index.php\/wp-json\/wp\/v2\/media?parent=25"}],"curies":[{"name":"wp","href":"https:\/\/api.w.org\/{rel}","templated":true}]}}